{"id":4212,"date":"2026-02-09T10:25:55","date_gmt":"2026-02-09T10:25:55","guid":{"rendered":"https:\/\/neac-industry.com\/?page_id=4212"},"modified":"2026-02-12T21:52:56","modified_gmt":"2026-02-12T21:52:56","slug":"politique-de-confidentialite","status":"publish","type":"page","link":"https:\/\/neac-industry.com\/fr\/politique-de-confidentialite\/","title":{"rendered":"Politique de confidentialit\u00e9"},"content":{"rendered":"\t\t<div data-elementor-type=\"wp-page\" data-elementor-id=\"4212\" class=\"elementor elementor-4212 elementor-4038\">\n\t\t\t\t\t\t<section class=\"elementor-section elementor-top-section elementor-element elementor-element-7b86374c elementor-section-height-min-height elementor-section-boxed elementor-section-height-default elementor-section-items-middle\" data-id=\"7b86374c\" data-element_type=\"section\" data-e-type=\"section\" data-settings=\"{&quot;background_background&quot;:&quot;classic&quot;}\">\n\t\t\t\t\t\t<div class=\"elementor-container elementor-column-gap-default\">\n\t\t\t\t\t<div class=\"elementor-column elementor-col-100 elementor-top-column elementor-element elementor-element-15043ceb raven-column-flex-horizontal\" data-id=\"15043ceb\" data-element_type=\"column\" data-e-type=\"column\">\n\t\t\t<div class=\"elementor-widget-wrap elementor-element-populated\">\n\t\t\t\t\t\t<div class=\"elementor-element elementor-element-39b589bb elementor-widget__width-initial elementor-widget elementor-widget-raven-site-logo\" data-id=\"39b589bb\" data-element_type=\"widget\" data-e-type=\"widget\" data-widget_type=\"raven-site-logo.default\">\n\t\t\t\t<div class=\"elementor-widget-container\">\n\t\t\t\t\t\t\t<div class=\"raven-widget-wrapper\">\n\t\t\t<div class=\"raven-site-logo\">\n\t\t\t\t\t\t\t\t\t<a class=\"raven-site-logo-link\" href=\"https:\/\/neac-industry.com\/fr\/\">\n\t\t\t\t\t\t\t\t<picture><img alt=\"NEAC-INDUSTRY\" data-no-lazy=\"1\" src=' https:\/\/neac-industry.com\/wp-content\/uploads\/2025\/10\/NEAC_Industry_Logo_Blanc.png '><\/picture>\t\t\t\t\t\t\t\t\t<\/a>\n\t\t\t\t\t\t\t<\/div>\n\t\t<\/div>\n\t\t\t\t\t\t<\/div>\n\t\t\t\t<\/div>\n\t\t\t\t<div class=\"elementor-element elementor-element-54a2c50 raven-breakpoint-tablet raven-nav-menu-align-center raven-nav-menu-stretch elementor-widget elementor-widget-raven-nav-menu\" data-id=\"54a2c50\" data-element_type=\"widget\" data-e-type=\"widget\" data-settings=\"{&quot;submenu_icon&quot;:&quot;&lt;svg 0=\\&quot;fas fa-chevron-down\\&quot; class=\\&quot;e-font-icon-svg e-fas-chevron-down\\&quot;&gt;\\n\\t\\t\\t\\t\\t&lt;use xlink:href=\\&quot;#fas-chevron-down\\&quot;&gt;\\n\\t\\t\\t\\t\\t\\t&lt;symbol id=\\&quot;fas-chevron-down\\&quot; viewBox=\\&quot;0 0 448 512\\&quot;&gt;\\n\\t\\t\\t\\t\\t\\t\\t&lt;path d=\\&quot;M207.029 381.476L12.686 187.132c-9.373-9.373-9.373-24.569 0-33.941l22.667-22.667c9.357-9.357 24.522-9.375 33.901-.04L224 284.505l154.745-154.021c9.379-9.335 24.544-9.317 33.901.04l22.667 22.667c9.373 9.373 9.373 24.569 0 33.941L240.971 381.476c-9.373 9.372-24.569 9.372-33.942 0z\\&quot;&gt;&lt;\\\/path&gt;\\n\\t\\t\\t\\t\\t\\t&lt;\\\/symbol&gt;\\n\\t\\t\\t\\t\\t&lt;\\\/use&gt;\\n\\t\\t\\t\\t&lt;\\\/svg&gt;&quot;,&quot;full_width&quot;:&quot;stretch&quot;,&quot;mobile_layout&quot;:&quot;dropdown&quot;,&quot;submenu_space_between&quot;:{&quot;unit&quot;:&quot;px&quot;,&quot;size&quot;:&quot;&quot;,&quot;sizes&quot;:[]},&quot;submenu_opening_position&quot;:&quot;bottom&quot;}\" data-widget_type=\"raven-nav-menu.default\">\n\t\t\t\t<div class=\"elementor-widget-container\">\n\t\t\t\t\t\t\t<nav class=\"raven-nav-menu-main raven-nav-menu-horizontal raven-nav-menu-tablet- raven-nav-menu-mobile- raven-nav-icons-hidden-tablet raven-nav-icons-hidden-mobile\">\n\t\t\t<ul id=\"menu-54a2c50\" class=\"raven-nav-menu\"><li class=\"menu-item menu-item-type-custom menu-item-object-custom menu-item-4224\"><a href=\"#activities\" class=\"raven-menu-item raven-link-item \">ACTIVIT\u00c9S<\/a><\/li>\n<li class=\"menu-item menu-item-type-custom menu-item-object-custom menu-item-4225\"><a href=\"#researches\" class=\"raven-menu-item raven-link-item \">RECHERCHES<\/a><\/li>\n<li class=\"menu-item menu-item-type-custom menu-item-object-custom menu-item-4226\"><a href=\"#projects\" class=\"raven-menu-item raven-link-item \">PROJETS<\/a><\/li>\n<li class=\"menu-item menu-item-type-custom menu-item-object-custom menu-item-4227\"><a href=\"#services\" class=\"raven-menu-item raven-link-item \">SERVICE MARINE<\/a><\/li>\n<li class=\"menu-item wpml-ls-slot-4 wpml-ls-item wpml-ls-item-en wpml-ls-menu-item wpml-ls-first-item menu-item-type-wpml_ls_menu_item menu-item-object-wpml_ls_menu_item menu-item-wpml-ls-4-en\"><a title=\"Passer \u00e0 Anglais\" href=\"https:\/\/neac-industry.com\/\" aria-label=\"Passer \u00e0 Anglais\" class=\"raven-menu-item raven-link-item \"><img decoding=\"async\"\n            class=\"wpml-ls-flag\"\n            src=\"https:\/\/neac-industry.com\/wp-content\/plugins\/sitepress-multilingual-cms\/res\/flags\/en.svg\"\n            alt=\"Anglais\"\n            loading=\"lazy\"\n            \n            \n    \/><\/a><\/li>\n<li class=\"menu-item wpml-ls-slot-4 wpml-ls-item wpml-ls-item-fr wpml-ls-current-language wpml-ls-menu-item wpml-ls-last-item menu-item-type-wpml_ls_menu_item menu-item-object-wpml_ls_menu_item menu-item-wpml-ls-4-fr\"><a href=\"https:\/\/neac-industry.com\/fr\/\" aria-current=\"page\" class=\"raven-menu-item raven-link-item \"><img decoding=\"async\"\n            class=\"wpml-ls-flag\"\n            src=\"https:\/\/neac-industry.com\/wp-content\/plugins\/sitepress-multilingual-cms\/res\/flags\/fr.svg\"\n            alt=\"Fran\u00e7ais\"\n            loading=\"lazy\"\n            \n            \n    \/><\/a><\/li>\n<\/ul>\t\t<\/nav>\n\n\t\t<div class=\"raven-nav-menu-toggle\">\n\n\t\t\t\t\t\t<div class=\"raven-nav-menu-toggle-button \">\n\t\t\t\t\t\t\t\t<span class=\"fa fa-bars\"><\/span>\n\t\t\t\t\t\t\t\t<\/div>\n\n\t\t<\/div>\n\t\t<nav class=\"raven-nav-icons-hidden-tablet raven-nav-icons-hidden-mobile raven-nav-menu-mobile raven-nav-menu-dropdown\">\n\t\t\t\t\t\t\t\t\t<div class=\"raven-container\">\n\t\t\t\t<ul id=\"menu-mobile-54a2c50\" class=\"raven-nav-menu\"><li class=\"menu-item menu-item-type-custom menu-item-object-custom menu-item-4224\"><a href=\"#activities\" class=\"raven-menu-item raven-link-item \">ACTIVIT\u00c9S<\/a><\/li>\n<li class=\"menu-item menu-item-type-custom menu-item-object-custom menu-item-4225\"><a href=\"#researches\" class=\"raven-menu-item raven-link-item \">RECHERCHES<\/a><\/li>\n<li class=\"menu-item menu-item-type-custom menu-item-object-custom menu-item-4226\"><a href=\"#projects\" class=\"raven-menu-item raven-link-item \">PROJETS<\/a><\/li>\n<li class=\"menu-item menu-item-type-custom menu-item-object-custom menu-item-4227\"><a href=\"#services\" class=\"raven-menu-item raven-link-item \">SERVICE MARINE<\/a><\/li>\n<li class=\"menu-item wpml-ls-slot-4 wpml-ls-item wpml-ls-item-en wpml-ls-menu-item wpml-ls-first-item menu-item-type-wpml_ls_menu_item menu-item-object-wpml_ls_menu_item menu-item-wpml-ls-4-en\"><a title=\"Passer \u00e0 Anglais\" href=\"https:\/\/neac-industry.com\/\" aria-label=\"Passer \u00e0 Anglais\" class=\"raven-menu-item raven-link-item \"><img decoding=\"async\"\n            class=\"wpml-ls-flag\"\n            src=\"https:\/\/neac-industry.com\/wp-content\/plugins\/sitepress-multilingual-cms\/res\/flags\/en.svg\"\n            alt=\"Anglais\"\n            loading=\"lazy\"\n            \n            \n    \/><\/a><\/li>\n<li class=\"menu-item wpml-ls-slot-4 wpml-ls-item wpml-ls-item-fr wpml-ls-current-language wpml-ls-menu-item wpml-ls-last-item menu-item-type-wpml_ls_menu_item menu-item-object-wpml_ls_menu_item menu-item-wpml-ls-4-fr\"><a href=\"https:\/\/neac-industry.com\/fr\/\" aria-current=\"page\" class=\"raven-menu-item raven-link-item \"><img decoding=\"async\"\n            class=\"wpml-ls-flag\"\n            src=\"https:\/\/neac-industry.com\/wp-content\/plugins\/sitepress-multilingual-cms\/res\/flags\/fr.svg\"\n            alt=\"Fran\u00e7ais\"\n            loading=\"lazy\"\n            \n            \n    \/><\/a><\/li>\n<\/ul>\t\t\t<\/div>\n\t\t<\/nav>\n\t\t\t\t\t\t<\/div>\n\t\t\t\t<\/div>\n\t\t\t\t<div class=\"elementor-element elementor-element-63efbce elementor-align-center elementor-widget__width-initial elementor-widget elementor-widget-button\" data-id=\"63efbce\" data-element_type=\"widget\" data-e-type=\"widget\" data-widget_type=\"button.default\">\n\t\t\t\t<div class=\"elementor-widget-container\">\n\t\t\t\t\t\t\t\t\t<div class=\"elementor-button-wrapper\">\n\t\t\t\t\t<a class=\"elementor-button elementor-button-link elementor-size-sm\" href=\"#contact\">\n\t\t\t\t\t\t<span class=\"elementor-button-content-wrapper\">\n\t\t\t\t\t\t\t\t\t<span class=\"elementor-button-text\">NOUS CONTACTER<\/span>\n\t\t\t\t\t<\/span>\n\t\t\t\t\t<\/a>\n\t\t\t\t<\/div>\n\t\t\t\t\t\t\t\t<\/div>\n\t\t\t\t<\/div>\n\t\t\t\t\t<\/div>\n\t\t<\/div>\n\t\t\t\t\t<\/div>\n\t\t<\/section>\n\t\t\t\t<section class=\"elementor-section elementor-top-section elementor-element elementor-element-98a6b15 elementor-section-boxed elementor-section-height-default elementor-section-height-default\" data-id=\"98a6b15\" data-element_type=\"section\" data-e-type=\"section\" data-settings=\"{&quot;background_background&quot;:&quot;classic&quot;}\">\n\t\t\t\t\t\t<div class=\"elementor-container elementor-column-gap-default\">\n\t\t\t\t\t<div class=\"elementor-column elementor-col-100 elementor-top-column elementor-element elementor-element-0d4f90d\" data-id=\"0d4f90d\" data-element_type=\"column\" data-e-type=\"column\">\n\t\t\t<div class=\"elementor-widget-wrap elementor-element-populated\">\n\t\t\t\t\t\t<div class=\"elementor-element elementor-element-afa2ee7 elementor-align-center elementor-widget elementor-widget-raven-heading\" data-id=\"afa2ee7\" data-element_type=\"widget\" data-e-type=\"widget\" data-widget_type=\"raven-heading.default\">\n\t\t\t\t<div class=\"elementor-widget-container\">\n\t\t\t\t\t\t\t<div class=\"raven-widget-wrapper\"><h1 class=\"raven-heading raven-heading-h1\"><span class=\"raven-heading-title \">Politique de confidentialit\u00e9<\/span><\/h1><\/div>\n\t\t\t\t\t\t<\/div>\n\t\t\t\t<\/div>\n\t\t\t\t<div class=\"elementor-element elementor-element-cd3630f elementor-widget-divider--view-line elementor-widget elementor-widget-divider\" data-id=\"cd3630f\" data-element_type=\"widget\" data-e-type=\"widget\" data-widget_type=\"divider.default\">\n\t\t\t\t<div class=\"elementor-widget-container\">\n\t\t\t\t\t\t\t<div class=\"elementor-divider\">\n\t\t\t<span class=\"elementor-divider-separator\">\n\t\t\t\t\t\t<\/span>\n\t\t<\/div>\n\t\t\t\t\t\t<\/div>\n\t\t\t\t<\/div>\n\t\t\t\t\t<\/div>\n\t\t<\/div>\n\t\t\t\t\t<\/div>\n\t\t<\/section>\n\t\t\t\t<section class=\"elementor-section elementor-top-section elementor-element elementor-element-21431ad elementor-section-boxed elementor-section-height-default elementor-section-height-default\" data-id=\"21431ad\" data-element_type=\"section\" data-e-type=\"section\" data-settings=\"{&quot;background_background&quot;:&quot;classic&quot;}\">\n\t\t\t\t\t\t<div class=\"elementor-container elementor-column-gap-default\">\n\t\t\t\t\t<div class=\"elementor-column elementor-col-100 elementor-top-column elementor-element elementor-element-7cea856\" data-id=\"7cea856\" data-element_type=\"column\" data-e-type=\"column\">\n\t\t\t<div class=\"elementor-widget-wrap elementor-element-populated\">\n\t\t\t\t\t\t<div class=\"elementor-element elementor-element-ef44b3f elementor-widget elementor-widget-text-editor\" data-id=\"ef44b3f\" data-element_type=\"widget\" data-e-type=\"widget\" data-widget_type=\"text-editor.default\">\n\t\t\t\t<div class=\"elementor-widget-container\">\n\t\t\t\t\t\t\t\t\t<p>Devant le d\u00e9veloppement des nouveaux outils de communication, il est n\u00e9cessaire de porter une attention particuli\u00e8re \u00e0 la protection de la vie priv\u00e9e. C\u2019est pourquoi, afin d\u2019\u00eatre en conformit\u00e9 avec le r\u00e8glement g\u00e9n\u00e9ral sur la protection des donn\u00e9es (<a href=\"https:\/\/www.aetherium.fr\/rgpd-loi-de-finances-double-peine-impact-wordpress-ecommerce\/\" target=\"_blank\" rel=\"noopener\" style=\"\">RGPD<\/a>) nous nous engageons \u00e0 respecter la confidentialit\u00e9 des renseignements personnels que nous collectons. En France, les donn\u00e9es personnelles sont notamment prot\u00e9g\u00e9es par la loi n\u00b0 78-87 du 6 janvier 1978, la loi n\u00b0 2004-801 du 6 ao\u00fbt 2004, l\u2019article L. 226-13 du Code p\u00e9nal, la Directive Europ\u00e9enne du 24 octobre 1995 et enfin par le r\u00e8glement n\u00b0 2016\/679 (dit r\u00e8glement g\u00e9n\u00e9ral sur la protection des donn\u00e9es ou RGPD). En tout \u00e9tat de cause NEAC&nbsp; Industry ne collecte des informations personnelles relatives \u00e0 l\u2019utilisateur que pour le besoin de certains services propos\u00e9s par le site <a href=\"https:\/\/neac-industry.com\">https:\/\/neac-industry.com <\/a>L\u2019utilisateur fournit ces informations en toute connaissance de cause, notamment lorsqu\u2019il proc\u00e8de par lui-m\u00eame \u00e0 leur saisie.<\/p>\n<h5><b>1. Collecte des renseignements personnels<\/b><\/h5>\n<p>Les renseignements suivants sont collect\u00e9s : Informations relatives \u00e0 l\u2019identit\u00e9 (nom, pr\u00e9nom, etc.), Informations de connexion (adresses IP, p\u00e9riph\u00e9rique, navigateur, etc.), Informations de g\u00e9olocalisation Les renseignements personnels collect\u00e9s sont recueillis au travers de formulaires et gr\u00e2ce \u00e0 l\u2019interactivit\u00e9 \u00e9tablie entre vous et le pr\u00e9sent site Web. Les informations collect\u00e9es sont conserv\u00e9es pour la dur\u00e9e n\u00e9cessaire \u00e0 la r\u00e9alisation des finalit\u00e9s pr\u00e9cis\u00e9es pr\u00e9c\u00e9demment. Sont \u00e9galement utilis\u00e9, comme indiqu\u00e9 dans la section suivante, des fichiers t\u00e9moins et\/ou journaux pour r\u00e9unir des informations vous concernant.<\/p>\n<h5><b>2. Formulaires et interactivit\u00e9<\/b><\/h5>\n<p>Vos renseignements personnels sont collect\u00e9s par le biais de formulaires, \u00e0 savoir : Formulaire de contact Les renseignements ainsi collect\u00e9s sont utilis\u00e9s pour les finalit\u00e9s suivantes : Contact Vos renseignements sont \u00e9galement collect\u00e9s par le biais de l\u2019interactivit\u00e9 pouvant s\u2019\u00e9tablir entre vous et le pr\u00e9sent site Web et ce, de la fa\u00e7on suivante :<\/p>\n<ul>\n<li>Visite sur le site<\/li>\n<\/ul>\n<p>Les renseignements ainsi collect\u00e9s le sont pour la finalit\u00e9 suivante :<\/p>\n<ul>\n<li>Statistiques de visites<\/li>\n<\/ul>\n<h5><b>2.1 Droit d\u2019opposition et de retrait<\/b><\/h5>\n<p>Je m\u2019engage \u00e0 vous offrir un droit d\u2019opposition et de retrait quant \u00e0 vos renseignements personnels. Le droit d\u2019opposition s\u2019entend comme \u00e9tant la possibilit\u00e9 offerte aux internautes de refuser que leurs renseignements personnels soient utilis\u00e9es \u00e0 certaines fins mentionn\u00e9es lors de la collecte. Le droit de retrait s\u2019entend comme \u00e9tant la possibilit\u00e9 offerte aux internautes de demander \u00e0 ce que leurs renseignements personnels ne figurent plus, par exemple, dans une liste de diffusion. Pour pouvoir exercer ces droits, vous pouvez contacter NEAC &#8211; INDUSTRY : Adresse postale : 117, Cours Caffarelli, Pepini\u00e8re d&rsquo;entreprise nautiques. T\u00e9l\u00e9phone : 06 77 13 01 03<\/p>\n<h5><b>2.2 Droit d\u2019acc\u00e8s<\/b><\/h5>\n<p>Je m\u2019engage \u00e0 reconna\u00eetre un droit d\u2019acc\u00e8s et de rectification aux personnes concern\u00e9es d\u00e9sireuses de consulter, modifier, voire radier les informations les concernant. L\u2019exercice de ce droit se fera aupr\u00e8s de NEAC Industry.&nbsp; Adresse postale : 117, Cours Caffarelli, P\u00e9pini\u00e8re d&rsquo;entreprises nautiques, 14000 Caen&nbsp; T\u00e9l\u00e9phone : 06 77 13 01 03<\/p>\n<h5><b>2.3 S\u00e9curit\u00e9<\/b><\/h5>\n<p>Les renseignements personnels collect\u00e9s sont conserv\u00e9s dans un environnement s\u00e9curis\u00e9. Les informations de statistiques de visite sont effac\u00e9es automatiquement au bout d\u2019un an. Les personnes travaillant pour NEAC Industry sont tenues de respecter la confidentialit\u00e9 de vos informations. Pour assurer la s\u00e9curit\u00e9 de vos renseignements personnels, les mesures suivantes sont mises en place : Protocole SSL (Secure Sockets Layer), Sauvegarde informatique Aucune information personnelle de l\u2019utilisateur du site <a href=\"https:\/\/neac-industry.com\">https:\/\/neac-industry.com<\/a> n\u2019est publi\u00e9e \u00e0 l\u2019insu de l\u2019utilisateur, \u00e9chang\u00e9e, transf\u00e9r\u00e9e, c\u00e9d\u00e9e ou vendue sur un support quelconque \u00e0 des tiers. Par ailleurs, je m\u2019engage \u00e0 maintenir un haut degr\u00e9 de confidentialit\u00e9 afin d\u2019assurer la confidentialit\u00e9 de vos transactions. Toutefois, comme aucun m\u00e9canisme n\u2019offre une s\u00e9curit\u00e9 maximale, une part de risque est toujours pr\u00e9sente lorsque l\u2019on utilise Internet pour transmettre des renseignements personnels.<\/p>\n<h5><b>3. L\u00e9gislation<\/b><\/h5>\n<p>Je m\u2019engage \u00e0 respecter les dispositions l\u00e9gislatives \u00e9nonc\u00e9es dans le r\u00e8glement europ\u00e9en n\u00b0 2016\/679 (dit r\u00e8glement g\u00e9n\u00e9ral sur la protection des donn\u00e9es ou RGPD).<\/p>\t\t\t\t\t\t\t\t<\/div>\n\t\t\t\t<\/div>\n\t\t\t\t\t<\/div>\n\t\t<\/div>\n\t\t\t\t\t<\/div>\n\t\t<\/section>\n\t\t\t\t<\/div>\n\t\t","protected":false},"excerpt":{"rendered":"<p>ACCUEIL ACTIVIT\u00c9S RECHERCHES PROJETS SERVICE MARINE ACCUEIL ACTIVIT\u00c9S RECHERCHES PROJETS SERVICE MARINE NOUS CONTACTER Politique de confidentialit\u00e9 Devant le d\u00e9veloppement des nouveaux outils de communication, il est n\u00e9cessaire de porter une attention particuli\u00e8re \u00e0 la protection de la vie priv\u00e9e. C\u2019est pourquoi, afin d\u2019\u00eatre en conformit\u00e9 avec le r\u00e8glement g\u00e9n\u00e9ral sur la protection des donn\u00e9es [&hellip;]<\/p>\n","protected":false},"author":1,"featured_media":0,"parent":0,"menu_order":0,"comment_status":"closed","ping_status":"closed","template":"elementor_header_footer","meta":{"_acf_changed":false,"footnotes":""},"class_list":["post-4212","page","type-page","status-publish","hentry"],"acf":[],"_links":{"self":[{"href":"https:\/\/neac-industry.com\/fr\/wp-json\/wp\/v2\/pages\/4212","targetHints":{"allow":["GET"]}}],"collection":[{"href":"https:\/\/neac-industry.com\/fr\/wp-json\/wp\/v2\/pages"}],"about":[{"href":"https:\/\/neac-industry.com\/fr\/wp-json\/wp\/v2\/types\/page"}],"author":[{"embeddable":true,"href":"https:\/\/neac-industry.com\/fr\/wp-json\/wp\/v2\/users\/1"}],"replies":[{"embeddable":true,"href":"https:\/\/neac-industry.com\/fr\/wp-json\/wp\/v2\/comments?post=4212"}],"version-history":[{"count":18,"href":"https:\/\/neac-industry.com\/fr\/wp-json\/wp\/v2\/pages\/4212\/revisions"}],"predecessor-version":[{"id":4318,"href":"https:\/\/neac-industry.com\/fr\/wp-json\/wp\/v2\/pages\/4212\/revisions\/4318"}],"wp:attachment":[{"href":"https:\/\/neac-industry.com\/fr\/wp-json\/wp\/v2\/media?parent=4212"}],"curies":[{"name":"wp","href":"https:\/\/api.w.org\/{rel}","templated":true}]}}